{"id":30,"date":"2025-08-22T09:22:27","date_gmt":"2025-08-22T09:22:27","guid":{"rendered":"https:\/\/teatteritiimikomeljanttari.fi\/?page_id=30"},"modified":"2025-09-16T08:20:35","modified_gmt":"2025-09-16T08:20:35","slug":"media","status":"publish","type":"page","link":"https:\/\/teatteritiimikomeljanttari.fi\/?page_id=30","title":{"rendered":"MEDIA"},"content":{"rendered":"\n<p>Hyv\u00e4 median edustaja, lehdist\u00f6kuvat l\u00f6yd\u00e4t <strong><a href=\"https:\/\/www.flickr.com\/photos\/203532259@N08\/\" data-type=\"link\" data-id=\"https:\/\/www.flickr.com\/photos\/203532259@N08\/\">t\u00e4\u00e4lt\u00e4<\/a><\/strong>  . Lehdist\u00f6kuvat saa my\u00f6s pyyt\u00e4m\u00e4ll\u00e4 osoitteesta info@teatteritiimikomeljanttari.fi ja samasta osoitteesta voit tiedustella lehdist\u00f6liput, lis\u00e4tiedot ja haastattelupyynn\u00f6t, Kerromme mieluusti lis\u00e4\u00e4. My\u00f6s lehdist\u00f6tiedote on saatavissa s\u00e4hk\u00f6postitse tai<strong> <a href=\"https:\/\/teatteritiimikomeljanttari.fi\/wp-content\/uploads\/2025\/08\/Tiedote-Paimion-piiat-1-1.pdf\" data-type=\"link\" data-id=\"https:\/\/teatteritiimikomeljanttari.fi\/wp-content\/uploads\/2025\/08\/Tiedote-Paimion-piiat-1-1.pdf\" target=\"_blank\" rel=\"noreferrer noopener\">lataamalla t\u00e4st\u00e4 linkist\u00e4<\/a><\/strong>.<\/p>\n\n\n\n<p><\/p>\n\n\n\n<p><\/p>\n\n\n\n<p class=\"has-text-align-center\"><\/p>\n\n\n\n<h2 class=\"wp-block-heading has-text-align-center\"><\/h2>\n\n\n\n<p><\/p>\n","protected":false},"excerpt":{"rendered":"<p>Hyv\u00e4 median edustaja, lehdist\u00f6kuvat l\u00f6yd\u00e4t t\u00e4\u00e4lt\u00e4 . Lehdist\u00f6kuvat saa my\u00f6s pyyt\u00e4m\u00e4ll\u00e4 osoitteesta info@teatteritiimikomeljanttari.fi ja samasta osoitteesta voit tiedustella lehdist\u00f6liput, lis\u00e4tiedot ja haastattelupyynn\u00f6t, Kerromme mieluusti lis\u00e4\u00e4. My\u00f6s lehdist\u00f6tiedote on saatavissa s\u00e4hk\u00f6postitse tai lataamalla t\u00e4st\u00e4 linkist\u00e4.<\/p>\n","protected":false},"author":1,"featured_media":0,"parent":0,"menu_order":0,"comment_status":"closed","ping_status":"closed","template":"","meta":{"_themeisle_gutenberg_block_has_review":false,"footnotes":""},"class_list":["post-30","page","type-page","status-publish","hentry"],"_links":{"self":[{"href":"https:\/\/teatteritiimikomeljanttari.fi\/index.php?rest_route=\/wp\/v2\/pages\/30","targetHints":{"allow":["GET"]}}],"collection":[{"href":"https:\/\/teatteritiimikomeljanttari.fi\/index.php?rest_route=\/wp\/v2\/pages"}],"about":[{"href":"https:\/\/teatteritiimikomeljanttari.fi\/index.php?rest_route=\/wp\/v2\/types\/page"}],"author":[{"embeddable":true,"href":"https:\/\/teatteritiimikomeljanttari.fi\/index.php?rest_route=\/wp\/v2\/users\/1"}],"replies":[{"embeddable":true,"href":"https:\/\/teatteritiimikomeljanttari.fi\/index.php?rest_route=%2Fwp%2Fv2%2Fcomments&post=30"}],"version-history":[{"count":16,"href":"https:\/\/teatteritiimikomeljanttari.fi\/index.php?rest_route=\/wp\/v2\/pages\/30\/revisions"}],"predecessor-version":[{"id":244,"href":"https:\/\/teatteritiimikomeljanttari.fi\/index.php?rest_route=\/wp\/v2\/pages\/30\/revisions\/244"}],"wp:attachment":[{"href":"https:\/\/teatteritiimikomeljanttari.fi\/index.php?rest_route=%2Fwp%2Fv2%2Fmedia&parent=30"}],"curies":[{"name":"wp","href":"https:\/\/api.w.org\/{rel}","templated":true}]}}