{"id":37,"date":"2025-08-22T09:24:14","date_gmt":"2025-08-22T09:24:14","guid":{"rendered":"https:\/\/teatteritiimikomeljanttari.fi\/?page_id=37"},"modified":"2025-08-22T09:24:14","modified_gmt":"2025-08-22T09:24:14","slug":"ohjelmistossa-syksylla-2025","status":"publish","type":"page","link":"https:\/\/teatteritiimikomeljanttari.fi\/?page_id=37","title":{"rendered":"OHJELMISTOSSA SYKSYLL\u00c4 2025"},"content":{"rendered":"\n<h2 class=\"wp-block-heading\">PAIMION PIIAT<\/h2>\n\n\n\n<h2 class=\"wp-block-heading\"><em>Historialline komedia viimiselt 700 vuarelt!<\/em><\/h2>\n\n\n\n<p>Paimion piiat -n\u00e4ytelm\u00e4ss\u00e4 seurataan paimiolaisten piikojen uskomattomia tarinoita 1300-luvulta nykyp\u00e4iv\u00e4\u00e4n. N\u00e4ytelm\u00e4n keski\u00f6ss\u00e4 on peruspessimisti Piia, joka tekee sukututkimusta yhdess\u00e4 kissansa kanssa. Suvusta l\u00f6ytyy jokaiselta vuosisadalta joku piika, jonka el\u00e4m\u00e4ntarina kytkeytyy aina jollain tavalla Paimioon, sen historiaan tai johonkin merkitt\u00e4v\u00e4\u00e4n historialliseen tapahtumaan. N\u00e4ytelm\u00e4 on fiktiivinen, mutta siin\u00e4 sekoitetaan todenmukaisia historiallisia tapahtumia ja henkil\u00f6it\u00e4. Piiat ovat kytk\u00f6ksiss\u00e4 mm. uskonpuhdistukseen, noitavainoihin, Turun paloon, katovuosiin, ruttoepidemiaan ja moniin muihin maailmanhistoriallisesti merkitt\u00e4viin tapahtumiin. Kaikki uskomattomat langat nivoutuvat jollain kreisill\u00e4 tavalla Paimioon. N\u00e4ytelm\u00e4ss\u00e4 peilataan nykyhetken el\u00e4m\u00e4\u00e4 menneisyyden arjen haasteisiin. Millaista on olla esimerkiksi nainen nyt tai 600 vuotta sitten, jolloin \u00e4iti joutui suoraan synnytyksest\u00e4 naurispeltoa kitkem\u00e4\u00e4n. N\u00e4ytelm\u00e4n tapahtumat rakentuvat huumorin ymp\u00e4rille ja el\u00e4m\u00e4\u00e4 eri vuosisadoilla peilataan nykyhetkeen ilkikuristen ja itseironisten linssien l\u00e4pi.&nbsp; <\/p>\n\n\n\n<p>Paimion piiat on osa Paimion 700 juhlavuoden ohjelmistoa. N\u00e4ytelm\u00e4n toteuttaa ja tuottaa Teatteritiimi Komeljanttari ry.  Lavalla on kaksi n\u00e4yttelij\u00e4\u00e4 Mira Lattu ja Merita Sepp\u00e4l\u00e4. Valo- ja projisointisuunnittelun tekee Timo A. Aalto, pukusuunnittelusta vastaa Johanna Johnsson-Jalo yhdess\u00e4 ty\u00f6ryhm\u00e4n kanssa. Koreografian suunnittelee Esteri Sepp\u00e4l\u00e4, \u00e4\u00e4nisuunnittelun tekee Merita Sepp\u00e4l\u00e4 ja n\u00e4ytt\u00e4m\u00f6henkil\u00f6n\u00e4 toimii Ava Lattu. Ohjauksesta vastaa Lattu ja Sepp\u00e4l\u00e4 yhdess\u00e4 ty\u00f6ryhm\u00e4n kanssa. Esityksen kesto on v\u00e4h\u00e4n alle 2h sis\u00e4lt\u00e4en v\u00e4liajan.<\/p>\n\n\n\n<div class=\"wp-block-media-text is-stacked-on-mobile\" style=\"grid-template-columns:27% auto\"><figure class=\"wp-block-media-text__media\"><img loading=\"lazy\" decoding=\"async\" width=\"741\" height=\"1024\" src=\"https:\/\/teatteritiimikomeljanttari.fi\/wp-content\/uploads\/2025\/06\/Paimion-Piiat-A4-printtiversio-1-741x1024.jpg\" alt=\"\" class=\"wp-image-93 size-full\" srcset=\"https:\/\/teatteritiimikomeljanttari.fi\/wp-content\/uploads\/2025\/06\/Paimion-Piiat-A4-printtiversio-1-741x1024.jpg 741w, https:\/\/teatteritiimikomeljanttari.fi\/wp-content\/uploads\/2025\/06\/Paimion-Piiat-A4-printtiversio-1-217x300.jpg 217w, https:\/\/teatteritiimikomeljanttari.fi\/wp-content\/uploads\/2025\/06\/Paimion-Piiat-A4-printtiversio-1-scaled.jpg 1854w\" sizes=\"auto, (max-width: 741px) 100vw, 741px\" \/><\/figure><div class=\"wp-block-media-text__content\">\n<p><strong>pe 12.9. klo 18.00<\/strong><\/p>\n\n\n\n<p><strong>ma 15.9. klo 15.00<\/strong><\/p>\n\n\n\n<p><strong>pe 19.9. klo 18.00<\/strong><\/p>\n\n\n\n<p><strong>su 21.9. klo 18.00<\/strong><\/p>\n\n\n\n<p><strong>to 25.9. klo 15.00<\/strong><\/p>\n\n\n\n<p><strong>pe 26.9. klo 18.00<\/strong><\/p>\n\n\n\n<p><strong>la 27.9. klo 18.00<\/strong><\/p>\n\n\n\n<p><strong>su 28.9. klo 15.00<\/strong><\/p>\n\n\n\n<p><strong>to 2.10. klo 18.00<\/strong><\/p>\n\n\n\n<p><strong>pe 3.10. klo 18.00<\/strong><\/p>\n\n\n\n<p><strong>la 4.10. klo 18.00<\/strong><\/p>\n\n\n\n<p><\/p>\n<\/div><\/div>\n\n\n\n<p><a href=\"https:\/\/biletti.fi\/e\/paimion-piiat\" data-type=\"link\" data-id=\"https:\/\/biletti.fi\/e\/paimion-piiat\"><strong>Liput 25,-\/22,-<\/strong><\/a><\/p>\n\n\n\n<p><\/p>\n","protected":false},"excerpt":{"rendered":"<p>PAIMION PIIAT Historialline komedia viimiselt 700 vuarelt! Paimion piiat -n\u00e4ytelm\u00e4ss\u00e4 seurataan paimiolaisten piikojen uskomattomia tarinoita 1300-luvulta nykyp\u00e4iv\u00e4\u00e4n. N\u00e4ytelm\u00e4n keski\u00f6ss\u00e4 on peruspessimisti Piia, joka tekee sukututkimusta yhdess\u00e4 kissansa kanssa. Suvusta l\u00f6ytyy jokaiselta vuosisadalta joku piika, jonka el\u00e4m\u00e4ntarina kytkeytyy aina jollain tavalla Paimioon, sen historiaan tai johonkin merkitt\u00e4v\u00e4\u00e4n historialliseen tapahtumaan. N\u00e4ytelm\u00e4 on fiktiivinen, mutta siin\u00e4 sekoitetaan todenmukaisia [&hellip;]<\/p>\n","protected":false},"author":1,"featured_media":0,"parent":0,"menu_order":0,"comment_status":"closed","ping_status":"closed","template":"","meta":{"_themeisle_gutenberg_block_has_review":false,"footnotes":""},"class_list":["post-37","page","type-page","status-publish","hentry"],"_links":{"self":[{"href":"https:\/\/teatteritiimikomeljanttari.fi\/index.php?rest_route=\/wp\/v2\/pages\/37","targetHints":{"allow":["GET"]}}],"collection":[{"href":"https:\/\/teatteritiimikomeljanttari.fi\/index.php?rest_route=\/wp\/v2\/pages"}],"about":[{"href":"https:\/\/teatteritiimikomeljanttari.fi\/index.php?rest_route=\/wp\/v2\/types\/page"}],"author":[{"embeddable":true,"href":"https:\/\/teatteritiimikomeljanttari.fi\/index.php?rest_route=\/wp\/v2\/users\/1"}],"replies":[{"embeddable":true,"href":"https:\/\/teatteritiimikomeljanttari.fi\/index.php?rest_route=%2Fwp%2Fv2%2Fcomments&post=37"}],"version-history":[{"count":11,"href":"https:\/\/teatteritiimikomeljanttari.fi\/index.php?rest_route=\/wp\/v2\/pages\/37\/revisions"}],"predecessor-version":[{"id":229,"href":"https:\/\/teatteritiimikomeljanttari.fi\/index.php?rest_route=\/wp\/v2\/pages\/37\/revisions\/229"}],"wp:attachment":[{"href":"https:\/\/teatteritiimikomeljanttari.fi\/index.php?rest_route=%2Fwp%2Fv2%2Fmedia&parent=37"}],"curies":[{"name":"wp","href":"https:\/\/api.w.org\/{rel}","templated":true}]}}