{"id":39,"date":"2025-08-22T09:17:30","date_gmt":"2025-08-22T09:17:30","guid":{"rendered":"https:\/\/teatteritiimikomeljanttari.fi\/?page_id=39"},"modified":"2025-08-22T09:17:30","modified_gmt":"2025-08-22T09:17:30","slug":"liput","status":"publish","type":"page","link":"https:\/\/teatteritiimikomeljanttari.fi\/?page_id=39","title":{"rendered":"LIPUT"},"content":{"rendered":"\n<h2 class=\"wp-block-heading\">LIPUI SAAT HOMMATTUU:<\/h2>\n\n\n\n<p><a href=\"mailto:varaukset@teatteritiimikomeljanttari.fi\">varaukset@teatteritiimikomeljanttari.fi<\/a><\/p>\n\n\n\n<p><a href=\"https:\/\/biletti.fi\/e\/paimion-piiat\">https:\/\/biletti.fi\/e\/paimion-piia<\/a><\/p>\n\n\n\n<p>044 9247 110  (\u00c4l\u00e4 huoli, jos et saa meittii ihan heti kiinni, me kyl vastaan ain heti ku vaa keret\u00e4\u00e4. Iha varmaste p\u00e4\u00e4set meit kattomaa!)<\/p>\n\n\n\n<p>Paimion teatterin Vistan n\u00e4ytt\u00e4m\u00f6n ovelta, esitysp\u00e4ivin\u00e4, noin tuntia ennen esityksen alkamista.<\/p>\n\n\n\n<p>Varaa mukaasi pankkikortti tai k\u00e4teist\u00e4.<\/p>\n\n\n\n<h2 class=\"wp-block-heading\">LIPUN HINTA:<\/h2>\n\n\n\n<p>25 \u20ac \/hl\u00f6.<\/p>\n\n\n\n<p>22 \u20ac \/ opiskelijat, ty\u00f6tt\u00f6m\u00e4t, el\u00e4kel\u00e4iset, teatteriala, ryhm\u00e4t.<\/p>\n\n\n\n<h2 class=\"wp-block-heading\">RYHM\u00c4T:<\/h2>\n\n\n\n<p>Ryhm\u00e4koko minimiss\u00e4\u00e4n 20 henkil\u00f6\u00e4 ja ryhm\u00e4n vet\u00e4j\u00e4 ilmaiseksi. Ryhm\u00e4lipunmyynti palvelee sinua osoitteessa <a href=\"mailto:varaukset@teatteritiimikomeljanttari.fi\">varaukset@teatteritiimikomeljanttari.fi<\/a> tai puhelimitse 0449247110. Lippuvaraus vahvistetaan 10 p\u00e4iv\u00e4\u00e4 ennen esitysp\u00e4iv\u00e4\u00e4. Me Komeljanttarimmuijjat olemme kovasti joustavia ja avuliaita mik\u00e4li tarvitsee tehd\u00e4 hienos\u00e4\u00e4nt\u00f6\u00e4 varauksenne sis\u00e4ll\u00e4. <\/p>\n\n\n\n<p>Me emme ota vastaan ty\u00f6nantajan tarjoamia virike-\/ kulttuuriseteleit\u00e4, mutta vaikkapa Paimion uimahalli tai elokuvateatteri palvelevat teit\u00e4 mieluusti niiden tuhlailun merkeiss\u00e4.<\/p>\n","protected":false},"excerpt":{"rendered":"<p>LIPUI SAAT HOMMATTUU: varaukset@teatteritiimikomeljanttari.fi https:\/\/biletti.fi\/e\/paimion-piia 044 9247 110 (\u00c4l\u00e4 huoli, jos et saa meittii ihan heti kiinni, me kyl vastaan ain heti ku vaa keret\u00e4\u00e4. Iha varmaste p\u00e4\u00e4set meit kattomaa!) Paimion teatterin Vistan n\u00e4ytt\u00e4m\u00f6n ovelta, esitysp\u00e4ivin\u00e4, noin tuntia ennen esityksen alkamista. Varaa mukaasi pankkikortti tai k\u00e4teist\u00e4. LIPUN HINTA: 25 \u20ac \/hl\u00f6. 22 \u20ac \/ opiskelijat, [&hellip;]<\/p>\n","protected":false},"author":1,"featured_media":0,"parent":0,"menu_order":0,"comment_status":"closed","ping_status":"closed","template":"","meta":{"_themeisle_gutenberg_block_has_review":false,"footnotes":""},"class_list":["post-39","page","type-page","status-publish","hentry"],"_links":{"self":[{"href":"https:\/\/teatteritiimikomeljanttari.fi\/index.php?rest_route=\/wp\/v2\/pages\/39","targetHints":{"allow":["GET"]}}],"collection":[{"href":"https:\/\/teatteritiimikomeljanttari.fi\/index.php?rest_route=\/wp\/v2\/pages"}],"about":[{"href":"https:\/\/teatteritiimikomeljanttari.fi\/index.php?rest_route=\/wp\/v2\/types\/page"}],"author":[{"embeddable":true,"href":"https:\/\/teatteritiimikomeljanttari.fi\/index.php?rest_route=\/wp\/v2\/users\/1"}],"replies":[{"embeddable":true,"href":"https:\/\/teatteritiimikomeljanttari.fi\/index.php?rest_route=%2Fwp%2Fv2%2Fcomments&post=39"}],"version-history":[{"count":5,"href":"https:\/\/teatteritiimikomeljanttari.fi\/index.php?rest_route=\/wp\/v2\/pages\/39\/revisions"}],"predecessor-version":[{"id":225,"href":"https:\/\/teatteritiimikomeljanttari.fi\/index.php?rest_route=\/wp\/v2\/pages\/39\/revisions\/225"}],"wp:attachment":[{"href":"https:\/\/teatteritiimikomeljanttari.fi\/index.php?rest_route=%2Fwp%2Fv2%2Fmedia&parent=39"}],"curies":[{"name":"wp","href":"https:\/\/api.w.org\/{rel}","templated":true}]}}