{"id":48,"date":"2025-08-22T09:28:41","date_gmt":"2025-08-22T09:28:41","guid":{"rendered":"https:\/\/teatteritiimikomeljanttari.fi\/?page_id=48"},"modified":"2025-08-22T09:28:41","modified_gmt":"2025-08-22T09:28:41","slug":"yhteystiedot","status":"publish","type":"page","link":"https:\/\/teatteritiimikomeljanttari.fi\/?page_id=48","title":{"rendered":"YHTEYSTIEDOT"},"content":{"rendered":"\n<p><a href=\"mailto:info@teatteritiimikomeljanttari.fi\">info@teatteritiimikomeljanttari.fi<\/a><\/p>\n\n\n\n<p><a href=\"mailto:varaukset@teatteritiimikomeljanttari.fi\">varaukset@teatteritiimikomeljanttari.fi<\/a> <\/p>\n\n\n\n<p>Lippupuhelin: 0449247110<\/p>\n\n\n\n<p>Liput netist\u00e4: <a href=\"https:\/\/biletti.fi\/e\/paimion-piiat\">https:\/\/biletti.fi\/e\/paimion-piiat<\/a>  (huom! Biletist\u00e4 ostaessa lipun hintaan lis\u00e4t\u00e4\u00e4n palvelumaksu 2,50,-)<\/p>\n\n\n\n<p><\/p>\n\n\n\n<p>Suosittelemme asioimaan kanssamme ensisijaisesti s\u00e4hk\u00f6postitse tai tekstiviestill\u00e4, mutta tokihan puhelut otamme my\u00f6s ilolla vastaan! Vaikka et heti meit\u00e4 tavoittaisikaan, niin varmasti palaamme asiaan viimeist\u00e4\u00e4n 48 tunnin sis\u00e4ll\u00e4. Esityksiin voi ilmesty\u00e4 varaamattakin, jos n\u00e4in on p\u00e4\u00e4ssyt k\u00e4ym\u00e4\u00e4n, ett\u00e4 lippu on j\u00e4\u00e4nyt etuk\u00e4teen hankkimatta. Lippuja saa nimitt\u00e4in paikanp\u00e4\u00e4lt\u00e4, Paimion teatterin, Vistan n\u00e4ytt\u00e4m\u00f6lt\u00e4 noin tuntia ennen esityksen alkamista.<\/p>\n\n\n\n<p>Paimion piiat n\u00e4ytelm\u00e4 esitet\u00e4\u00e4n Paimion teatterin Vistan n\u00e4ytt\u00e4m\u00f6ll\u00e4, osoitteessa <a href=\"https:\/\/maps.app.goo.gl\/VWiFXD2dieH9hb28A\">Myllyhaantie 2, 21530 Paimio<\/a><\/p>\n\n\n\n<p>Vistan n\u00e4ytt\u00e4m\u00f6 on esteet\u00f6n, mutta olethan meihin yhteydess\u00e4 lippua varatessasi, saattajakortilla saattaja ilmaiseksi mukaan.<\/p>\n\n\n\n<p>V\u00e4liaikatarjoilujen tiedustelut numerosta: 050 3722 725<\/p>\n\n\n\n<div class=\"wp-block-media-text is-stacked-on-mobile\" style=\"grid-template-columns:49% auto\"><figure class=\"wp-block-media-text__media\"><img loading=\"lazy\" decoding=\"async\" width=\"1025\" height=\"576\" src=\"https:\/\/teatteritiimikomeljanttari.fi\/wp-content\/uploads\/2025\/08\/piiat-ilman-taustaa.png\" alt=\"\" class=\"wp-image-207 size-full\" srcset=\"https:\/\/teatteritiimikomeljanttari.fi\/wp-content\/uploads\/2025\/08\/piiat-ilman-taustaa.png 1025w, https:\/\/teatteritiimikomeljanttari.fi\/wp-content\/uploads\/2025\/08\/piiat-ilman-taustaa-300x169.png 300w, https:\/\/teatteritiimikomeljanttari.fi\/wp-content\/uploads\/2025\/08\/piiat-ilman-taustaa-768x432.png 768w\" sizes=\"auto, (max-width: 1025px) 100vw, 1025px\" \/><\/figure><div class=\"wp-block-media-text__content\">\n<p><strong>Paimion piiat malttamattomina odottavat sinun n\u00e4kemist\u00e4si katsomossamme!<\/strong><\/p>\n\n\n\n<p><\/p>\n<\/div><\/div>\n\n\n\n<p><\/p>\n\n\n\n<p><\/p>\n\n\n\n<p><\/p>\n","protected":false},"excerpt":{"rendered":"<p>info@teatteritiimikomeljanttari.fi varaukset@teatteritiimikomeljanttari.fi Lippupuhelin: 0449247110 Liput netist\u00e4: https:\/\/biletti.fi\/e\/paimion-piiat (huom! Biletist\u00e4 ostaessa lipun hintaan lis\u00e4t\u00e4\u00e4n palvelumaksu 2,50,-) Suosittelemme asioimaan kanssamme ensisijaisesti s\u00e4hk\u00f6postitse tai tekstiviestill\u00e4, mutta tokihan puhelut otamme my\u00f6s ilolla vastaan! Vaikka et heti meit\u00e4 tavoittaisikaan, niin varmasti palaamme asiaan viimeist\u00e4\u00e4n 48 tunnin sis\u00e4ll\u00e4. Esityksiin voi ilmesty\u00e4 varaamattakin, jos n\u00e4in on p\u00e4\u00e4ssyt k\u00e4ym\u00e4\u00e4n, ett\u00e4 lippu on j\u00e4\u00e4nyt [&hellip;]<\/p>\n","protected":false},"author":1,"featured_media":0,"parent":0,"menu_order":0,"comment_status":"closed","ping_status":"closed","template":"","meta":{"_themeisle_gutenberg_block_has_review":false,"footnotes":""},"class_list":["post-48","page","type-page","status-publish","hentry"],"_links":{"self":[{"href":"https:\/\/teatteritiimikomeljanttari.fi\/index.php?rest_route=\/wp\/v2\/pages\/48","targetHints":{"allow":["GET"]}}],"collection":[{"href":"https:\/\/teatteritiimikomeljanttari.fi\/index.php?rest_route=\/wp\/v2\/pages"}],"about":[{"href":"https:\/\/teatteritiimikomeljanttari.fi\/index.php?rest_route=\/wp\/v2\/types\/page"}],"author":[{"embeddable":true,"href":"https:\/\/teatteritiimikomeljanttari.fi\/index.php?rest_route=\/wp\/v2\/users\/1"}],"replies":[{"embeddable":true,"href":"https:\/\/teatteritiimikomeljanttari.fi\/index.php?rest_route=%2Fwp%2Fv2%2Fcomments&post=48"}],"version-history":[{"count":8,"href":"https:\/\/teatteritiimikomeljanttari.fi\/index.php?rest_route=\/wp\/v2\/pages\/48\/revisions"}],"predecessor-version":[{"id":231,"href":"https:\/\/teatteritiimikomeljanttari.fi\/index.php?rest_route=\/wp\/v2\/pages\/48\/revisions\/231"}],"wp:attachment":[{"href":"https:\/\/teatteritiimikomeljanttari.fi\/index.php?rest_route=%2Fwp%2Fv2%2Fmedia&parent=48"}],"curies":[{"name":"wp","href":"https:\/\/api.w.org\/{rel}","templated":true}]}}